{"id":3663,"date":"2025-07-23T21:04:29","date_gmt":"2025-07-23T19:04:29","guid":{"rendered":"https:\/\/www.wonderaffair.com\/zwroty\/"},"modified":"2025-09-15T11:31:27","modified_gmt":"2025-09-15T09:31:27","slug":"returns-exchanges-complaints","status":"publish","type":"page","link":"https:\/\/www.wonderaffair.com\/en\/returns-exchanges-complaints\/","title":{"rendered":"Returns, Exchanges &#038; Complaints"},"content":{"rendered":"<div class=\"wpb-content-wrapper\"><p>[vc_row][vc_column][vc_column_text css=&#8221;&#8221;]<\/p>\n<h3 style=\"text-align: center;\">Returns<\/h3>\n<p>The consumer has the right to withdraw from this agreement within 14 days from the date of receipt of the shipment without giving any reason. An exception applies to products personalized according to the buyer\u2019s specifications (see point 3, Article 38 of the Consumer Rights Act).<\/p>\n<p>To exercise the right of withdrawal, please send a&nbsp;clear statement of withdrawal from the agreement either electronically to: store@wonderaffair.com or by traditional mail to: Wonder Affair, ul. Zas\u0142ucza\u0144ska 4 lok. 9, 55-010 \u017berniki Wroc\u0142awskie, Poland. You may use the withdrawal form template provided below, but this is not obligatory.<\/p>\n<p>In the event of withdrawal from this agreement, we will refund the purchase price and delivery costs no later than 14 days from the date of submitting the withdrawal statement. Refunds will be made using the same payment methods as those used in the original transaction, unless the consumer requests a&nbsp;different method. In any case, the consumer bears no fees in connection with the refund.<\/p>\n<p><strong>The condition for the refund is the return of the goods, submission of the withdrawal statement, and inclusion of the receipt with the returned goods.<\/strong><\/p>\n<p>Goods should be sent to: Wonder Affair, ul. Zas\u0142ucza\u0144ska 4\/9, 55-010 \u017berniki Wroc\u0142awskie, Poland immediately, no later than 14 days from the day on which the withdrawal from this agreement took place. The cost of return shipping is borne by the consumer. The return shipment should include the return form provided below.<\/p>\n<p>The consumer is only responsible for any diminished value of the goods resulting from handling them in a&nbsp;way other than what is necessary to establish their nature, characteristics, and functioning.<\/p>\n<p><em><strong>Explanation: \u201cIn order to determine the nature, characteristics, and functioning of the goods, the consumer should handle and examine the goods only in the same manner as they could in a&nbsp;physical store. For example, the consumer may try on clothing but should not wear it\u201d<\/strong><\/em><br \/>\n<em><strong>[Recital 47 of Directive 2011\/83\/EU]..<\/strong><\/em><\/p>\n<p><a href=\"\/wp-content\/uploads\/2025\/08\/formularz_odstapienia_od_umowy.pdf\" target=\"_blank\" rel=\"noopener\">Download the withdrawal form<\/a>[\/vc_column_text][vc_column_text css=&#8221;&#8221;]<\/p>\n<h3 style=\"text-align: center;\">Exchanges<\/h3>\n<p>To exchange a&nbsp;product, please submit the withdrawal form with the note \u201cEXCHANGE\u201d along with information about the product being returned and the product you wish to receive instead (model, color, size). If the cost of the new product exceeds the cost of the item being exchanged, the customer is required to pay the difference, specifying the payment method (bank transfer to the store account or cash on delivery) via the form or email. If the cost of the new product is lower than the cost of the returned item, we will refund the price difference within 14 days of the customer receiving the new product, using the same payment method that was used for the original order.<\/p>\n<p>The customer bears the cost of returning the item to be exchanged, while the seller covers the cost of shipping the new product.<\/p>\n<p>Personalized products are not eligible for exchange.<br \/>\n[\/vc_column_text][vc_column_text css=&#8221;&#8221;]<\/p>\n<h3 style=\"text-align: center;\">Complaints<\/h3>\n<p>To submit a&nbsp;complaint regarding a&nbsp;product, please complete and send the form provided below. Complaints are processed within 14 days from the date the returned product is received. The cost of shipping the product for complaint purposes is borne by the customer.<\/p>\n<p><a href=\"\/wp-content\/uploads\/2025\/08\/complaint_form.pdf\" target=\"_blank\" rel=\"noopener\">Download the complaint form<\/a><\/p>\n<p>[\/vc_column_text][\/vc_column][\/vc_row]<\/p>\n<\/div>","protected":false},"excerpt":{"rendered":"<p>[vc_row][vc_column][vc_column_text css=&#8221;&#8221;] Returns The consumer has the right to withdraw from this agreement within 14&hellip;<\/p>\n","protected":false},"author":1,"featured_media":0,"parent":0,"menu_order":0,"comment_status":"closed","ping_status":"closed","template":"","meta":{"footnotes":""},"class_list":["post-3663","page","type-page","status-publish","hentry"],"yoast_head":"<!-- This site is optimized with the Yoast SEO plugin v27.3 - https:\/\/yoast.com\/product\/yoast-seo-wordpress\/ -->\n<title>Returns, Exchanges &amp; Complaints | Wonder Affair<\/title>\n<meta name=\"description\" content=\"Wonder Affair \u2013 returns, exchanges, and complaints. Learn how to return or exchange items and submit claims easily.\" \/>\n<meta name=\"robots\" content=\"index, follow, max-snippet:-1, max-image-preview:large, max-video-preview:-1\" \/>\n<link rel=\"canonical\" href=\"https:\/\/www.wonderaffair.com\/en\/returns-exchanges-complaints\/\" \/>\n<meta property=\"og:locale\" content=\"en_US\" \/>\n<meta property=\"og:type\" content=\"article\" \/>\n<meta property=\"og:title\" content=\"Returns, Exchanges &amp; Complaints | Wonder Affair\" \/>\n<meta property=\"og:description\" content=\"Wonder Affair \u2013 returns, exchanges, and complaints. Learn how to return or exchange items and submit claims easily.\" \/>\n<meta property=\"og:url\" content=\"https:\/\/www.wonderaffair.com\/en\/returns-exchanges-complaints\/\" \/>\n<meta property=\"og:site_name\" content=\"Wonder Affair\" \/>\n<meta property=\"article:publisher\" content=\"https:\/\/www.facebook.com\/wonderaffair\" \/>\n<meta property=\"article:modified_time\" content=\"2025-09-15T09:31:27+00:00\" \/>\n<meta property=\"og:image\" content=\"https:\/\/www.wonderaffair.com\/wp-content\/uploads\/2025\/07\/WA_1300x640_SKIRT-YOURSELF.jpg\" \/>\n\t<meta property=\"og:image:width\" content=\"1300\" \/>\n\t<meta property=\"og:image:height\" content=\"640\" \/>\n\t<meta property=\"og:image:type\" content=\"image\/jpeg\" \/>\n<meta name=\"twitter:card\" content=\"summary_large_image\" \/>\n<meta name=\"twitter:label1\" content=\"Est. reading time\" \/>\n\t<meta name=\"twitter:data1\" content=\"4 minutes\" \/>\n<script type=\"application\/ld+json\" class=\"yoast-schema-graph\">{\"@context\":\"https:\\\/\\\/schema.org\",\"@graph\":[{\"@type\":\"WebPage\",\"@id\":\"https:\\\/\\\/www.wonderaffair.com\\\/en\\\/returns-exchanges-complaints\\\/\",\"url\":\"https:\\\/\\\/www.wonderaffair.com\\\/en\\\/returns-exchanges-complaints\\\/\",\"name\":\"Returns, Exchanges & Complaints | Wonder Affair\",\"isPartOf\":{\"@id\":\"https:\\\/\\\/www.wonderaffair.com\\\/en\\\/#website\"},\"datePublished\":\"2025-07-23T19:04:29+00:00\",\"dateModified\":\"2025-09-15T09:31:27+00:00\",\"description\":\"Wonder Affair \u2013 returns, exchanges, and complaints. Learn how to return or exchange items and submit claims easily.\",\"breadcrumb\":{\"@id\":\"https:\\\/\\\/www.wonderaffair.com\\\/en\\\/returns-exchanges-complaints\\\/#breadcrumb\"},\"inLanguage\":\"en-US\",\"potentialAction\":[{\"@type\":\"ReadAction\",\"target\":[\"https:\\\/\\\/www.wonderaffair.com\\\/en\\\/returns-exchanges-complaints\\\/\"]}]},{\"@type\":\"BreadcrumbList\",\"@id\":\"https:\\\/\\\/www.wonderaffair.com\\\/en\\\/returns-exchanges-complaints\\\/#breadcrumb\",\"itemListElement\":[{\"@type\":\"ListItem\",\"position\":1,\"name\":\"Strona g\u0142\u00f3wna\",\"item\":\"https:\\\/\\\/www.wonderaffair.com\\\/en\\\/official-store-wonder-affair\\\/\"},{\"@type\":\"ListItem\",\"position\":2,\"name\":\"Returns, Exchanges &#038; Complaints\"}]},{\"@type\":\"WebSite\",\"@id\":\"https:\\\/\\\/www.wonderaffair.com\\\/en\\\/#website\",\"url\":\"https:\\\/\\\/www.wonderaffair.com\\\/en\\\/\",\"name\":\"Official store | Wonder Affair\",\"description\":\"Oficjalny sklep Internetowy Wonder Affair\",\"publisher\":{\"@id\":\"https:\\\/\\\/www.wonderaffair.com\\\/en\\\/#organization\"},\"potentialAction\":[{\"@type\":\"SearchAction\",\"target\":{\"@type\":\"EntryPoint\",\"urlTemplate\":\"https:\\\/\\\/www.wonderaffair.com\\\/en\\\/?s={search_term_string}\"},\"query-input\":{\"@type\":\"PropertyValueSpecification\",\"valueRequired\":true,\"valueName\":\"search_term_string\"}}],\"inLanguage\":\"en-US\"},{\"@type\":\"Organization\",\"@id\":\"https:\\\/\\\/www.wonderaffair.com\\\/en\\\/#organization\",\"name\":\"Wonder Affair\",\"url\":\"https:\\\/\\\/www.wonderaffair.com\\\/en\\\/\",\"logo\":{\"@type\":\"ImageObject\",\"inLanguage\":\"en-US\",\"@id\":\"https:\\\/\\\/www.wonderaffair.com\\\/en\\\/#\\\/schema\\\/logo\\\/image\\\/\",\"url\":\"https:\\\/\\\/www.wonderaffair.com\\\/wp-content\\\/uploads\\\/2025\\\/08\\\/logo_wa.png\",\"contentUrl\":\"https:\\\/\\\/www.wonderaffair.com\\\/wp-content\\\/uploads\\\/2025\\\/08\\\/logo_wa.png\",\"width\":300,\"height\":112,\"caption\":\"Wonder Affair\"},\"image\":{\"@id\":\"https:\\\/\\\/www.wonderaffair.com\\\/en\\\/#\\\/schema\\\/logo\\\/image\\\/\"},\"sameAs\":[\"https:\\\/\\\/www.facebook.com\\\/wonderaffair\",\"https:\\\/\\\/www.instagram.com\\\/wonder_affair\\\/\"]}]}<\/script>\n<!-- \/ Yoast SEO plugin. -->","yoast_head_json":{"title":"Returns, Exchanges & Complaints | Wonder Affair","description":"Wonder Affair \u2013 returns, exchanges, and complaints. Learn how to return or exchange items and submit claims easily.","robots":{"index":"index","follow":"follow","max-snippet":"max-snippet:-1","max-image-preview":"max-image-preview:large","max-video-preview":"max-video-preview:-1"},"canonical":"https:\/\/www.wonderaffair.com\/en\/returns-exchanges-complaints\/","og_locale":"en_US","og_type":"article","og_title":"Returns, Exchanges & Complaints | Wonder Affair","og_description":"Wonder Affair \u2013 returns, exchanges, and complaints. Learn how to return or exchange items and submit claims easily.","og_url":"https:\/\/www.wonderaffair.com\/en\/returns-exchanges-complaints\/","og_site_name":"Wonder Affair","article_publisher":"https:\/\/www.facebook.com\/wonderaffair","article_modified_time":"2025-09-15T09:31:27+00:00","og_image":[{"width":1300,"height":640,"url":"https:\/\/www.wonderaffair.com\/wp-content\/uploads\/2025\/07\/WA_1300x640_SKIRT-YOURSELF.jpg","type":"image\/jpeg"}],"twitter_card":"summary_large_image","twitter_misc":{"Est. reading time":"4 minutes"},"schema":{"@context":"https:\/\/schema.org","@graph":[{"@type":"WebPage","@id":"https:\/\/www.wonderaffair.com\/en\/returns-exchanges-complaints\/","url":"https:\/\/www.wonderaffair.com\/en\/returns-exchanges-complaints\/","name":"Returns, Exchanges & Complaints | Wonder Affair","isPartOf":{"@id":"https:\/\/www.wonderaffair.com\/en\/#website"},"datePublished":"2025-07-23T19:04:29+00:00","dateModified":"2025-09-15T09:31:27+00:00","description":"Wonder Affair \u2013 returns, exchanges, and complaints. Learn how to return or exchange items and submit claims easily.","breadcrumb":{"@id":"https:\/\/www.wonderaffair.com\/en\/returns-exchanges-complaints\/#breadcrumb"},"inLanguage":"en-US","potentialAction":[{"@type":"ReadAction","target":["https:\/\/www.wonderaffair.com\/en\/returns-exchanges-complaints\/"]}]},{"@type":"BreadcrumbList","@id":"https:\/\/www.wonderaffair.com\/en\/returns-exchanges-complaints\/#breadcrumb","itemListElement":[{"@type":"ListItem","position":1,"name":"Strona g\u0142\u00f3wna","item":"https:\/\/www.wonderaffair.com\/en\/official-store-wonder-affair\/"},{"@type":"ListItem","position":2,"name":"Returns, Exchanges &#038; Complaints"}]},{"@type":"WebSite","@id":"https:\/\/www.wonderaffair.com\/en\/#website","url":"https:\/\/www.wonderaffair.com\/en\/","name":"Official store | Wonder Affair","description":"Oficjalny sklep Internetowy Wonder Affair","publisher":{"@id":"https:\/\/www.wonderaffair.com\/en\/#organization"},"potentialAction":[{"@type":"SearchAction","target":{"@type":"EntryPoint","urlTemplate":"https:\/\/www.wonderaffair.com\/en\/?s={search_term_string}"},"query-input":{"@type":"PropertyValueSpecification","valueRequired":true,"valueName":"search_term_string"}}],"inLanguage":"en-US"},{"@type":"Organization","@id":"https:\/\/www.wonderaffair.com\/en\/#organization","name":"Wonder Affair","url":"https:\/\/www.wonderaffair.com\/en\/","logo":{"@type":"ImageObject","inLanguage":"en-US","@id":"https:\/\/www.wonderaffair.com\/en\/#\/schema\/logo\/image\/","url":"https:\/\/www.wonderaffair.com\/wp-content\/uploads\/2025\/08\/logo_wa.png","contentUrl":"https:\/\/www.wonderaffair.com\/wp-content\/uploads\/2025\/08\/logo_wa.png","width":300,"height":112,"caption":"Wonder Affair"},"image":{"@id":"https:\/\/www.wonderaffair.com\/en\/#\/schema\/logo\/image\/"},"sameAs":["https:\/\/www.facebook.com\/wonderaffair","https:\/\/www.instagram.com\/wonder_affair\/"]}]}},"jetpack_sharing_enabled":true,"_links":{"self":[{"href":"https:\/\/www.wonderaffair.com\/en\/wp-json\/wp\/v2\/pages\/3663","targetHints":{"allow":["GET"]}}],"collection":[{"href":"https:\/\/www.wonderaffair.com\/en\/wp-json\/wp\/v2\/pages"}],"about":[{"href":"https:\/\/www.wonderaffair.com\/en\/wp-json\/wp\/v2\/types\/page"}],"author":[{"embeddable":true,"href":"https:\/\/www.wonderaffair.com\/en\/wp-json\/wp\/v2\/users\/1"}],"replies":[{"embeddable":true,"href":"https:\/\/www.wonderaffair.com\/en\/wp-json\/wp\/v2\/comments?post=3663"}],"version-history":[{"count":5,"href":"https:\/\/www.wonderaffair.com\/en\/wp-json\/wp\/v2\/pages\/3663\/revisions"}],"predecessor-version":[{"id":3739,"href":"https:\/\/www.wonderaffair.com\/en\/wp-json\/wp\/v2\/pages\/3663\/revisions\/3739"}],"wp:attachment":[{"href":"https:\/\/www.wonderaffair.com\/en\/wp-json\/wp\/v2\/media?parent=3663"}],"curies":[{"name":"wp","href":"https:\/\/api.w.org\/{rel}","templated":true}]}}